{"id":2468,"date":"2015-05-09T21:21:44","date_gmt":"2015-05-09T19:21:44","guid":{"rendered":"http:\/\/www.toscana900.com\/?page_id=2468"},"modified":"2015-05-09T21:21:59","modified_gmt":"2015-05-09T19:21:59","slug":"contacts","status":"publish","type":"page","link":"https:\/\/www.toscana900.com\/en\/contacts\/","title":{"rendered":"Contacts"},"content":{"rendered":"<section  class=\"section swatch-mosaico section-short \" ><div class=\"background-media\"><\/div><div class=\"background-overlay\" style=\"background-color:rgba(0,0,0,0)\"><\/div><div class=\"container\"><header class=\"section-header text-center underline\"><h1 class=\"headline normal regular\">Contatti<\/h1><\/header><div class=\"row vertical-top\"><div class=\"col-md-6  text-default\" ><div class=\"row \"><div class=\"col-md-12  text-default\" >\n<div class=\"wpcf7 no-js\" id=\"wpcf7-f18-o1\" lang=\"it-IT\" dir=\"ltr\" data-wpcf7-id=\"18\">\n<div class=\"screen-reader-response\"><p role=\"status\" aria-live=\"polite\" aria-atomic=\"true\"><\/p> <ul><\/ul><\/div>\n<form action=\"\/en\/wp-json\/wp\/v2\/pages\/2468#wpcf7-f18-o1\" method=\"post\" class=\"wpcf7-form init\" aria-label=\"Modulo di contatto\" novalidate=\"novalidate\" data-status=\"init\">\n<fieldset class=\"hidden-fields-container\"><input type=\"hidden\" name=\"_wpcf7\" value=\"18\" \/><input type=\"hidden\" name=\"_wpcf7_version\" value=\"6.1.5\" \/><input type=\"hidden\" name=\"_wpcf7_locale\" value=\"it_IT\" \/><input type=\"hidden\" name=\"_wpcf7_unit_tag\" value=\"wpcf7-f18-o1\" \/><input type=\"hidden\" name=\"_wpcf7_container_post\" value=\"0\" \/><input type=\"hidden\" name=\"_wpcf7_posted_data_hash\" value=\"\" \/><input type=\"hidden\" name=\"_wpcf7_recaptcha_response\" value=\"\" \/>\n<\/fieldset>\n<p>Il tuo nome (richiesto)\n<\/p>\n<p><span class=\"wpcf7-form-control-wrap\" data-name=\"your-name\"><input size=\"40\" maxlength=\"400\" class=\"wpcf7-form-control wpcf7-text wpcf7-validates-as-required\" aria-required=\"true\" aria-invalid=\"false\" value=\"\" type=\"text\" name=\"your-name\" \/><\/span>\n<\/p>\n<p>La tua email (richiesto)\n<\/p>\n<p><span class=\"wpcf7-form-control-wrap\" data-name=\"your-email\"><input size=\"40\" maxlength=\"400\" class=\"wpcf7-form-control wpcf7-email wpcf7-validates-as-required wpcf7-text wpcf7-validates-as-email\" aria-required=\"true\" aria-invalid=\"false\" value=\"\" type=\"email\" name=\"your-email\" \/><\/span>\n<\/p>\n<p>Oggetto\n<\/p>\n<p><span class=\"wpcf7-form-control-wrap\" data-name=\"your-subject\"><input size=\"40\" maxlength=\"400\" class=\"wpcf7-form-control wpcf7-text\" aria-invalid=\"false\" value=\"\" type=\"text\" name=\"your-subject\" \/><\/span>\n<\/p>\n<p>Il tuo messaggio\n<\/p>\n<p><span class=\"wpcf7-form-control-wrap\" data-name=\"your-message\"><textarea cols=\"40\" rows=\"10\" maxlength=\"2000\" class=\"wpcf7-form-control wpcf7-textarea\" aria-invalid=\"false\" name=\"your-message\"><\/textarea><\/span>\n<\/p>\n<p><span class=\"wpcf7-form-control-wrap\" data-name=\"accetta-termini\"><span class=\"wpcf7-form-control wpcf7-acceptance\"><span class=\"wpcf7-list-item\"><input type=\"checkbox\" name=\"accetta-termini\" value=\"1\" checked=\"checked\" aria-invalid=\"false\" \/><\/span><\/span><\/span>Acconsento al trattamento dei miei dati personali al fine di ricevere una risposta al mio messaggio, come indicato nella <a href=\"\/privacy-e-note-legali\/\">Privacy Policy<\/a>\n<\/p>\n\n<p style=\"margin-top:15px;\"><input class=\"wpcf7-form-control wpcf7-submit has-spinner\" type=\"submit\" value=\"Invia\" \/>\n<\/p><p style=\"display: none !important;\" class=\"akismet-fields-container\" data-prefix=\"_wpcf7_ak_\"><label>&#916;<textarea name=\"_wpcf7_ak_hp_textarea\" cols=\"45\" rows=\"8\" maxlength=\"100\"><\/textarea><\/label><input type=\"hidden\" id=\"ak_js_1\" name=\"_wpcf7_ak_js\" value=\"154\"\/><script>document.getElementById( \"ak_js_1\" ).setAttribute( \"value\", ( new Date() ).getTime() );<\/script><\/p><div class=\"wpcf7-response-output\" aria-hidden=\"true\"><\/div>\n<\/form>\n<\/div>\n<\/div><\/div><\/div><div class=\"col-md-6  text-default\" ><h3>Info Progetto Toscana &#8216;900<\/h3>\n<p><strong>Ente cassa di Risparmio di Firenze<\/strong> Tel: +39 055 5384001 &#98;&#97;&#x72;b&#97;&#x72;&#x61;&#46;&#116;&#x6f;&#x73;t&#105;&#x40;&#x65;n&#116;&#x65;&#x63;a&#114;&#x69;&#x66;i&#114;&#x65;n&#122;&#101;&#x2e;i&#116; <em>Uffici Stampa<\/em> Davis &amp; Franceschini i&#110;&#x66;&#x6f;&#64;&#100;&#97;&#x76;&#x69;s&#101;&#x66;&#x72;a&#110;&#99;&#x65;&#x73;c&#104;&#x69;&#x6e;i&#46;&#105;&#x74; Tel: +39 055 2347273; +39 335 5250748 Ente Cassa di Risparmio Di Firenze &#114;i&#x63;c&#x61;r&#x64;o&#x2e;g&#x61;l&#x6c;&#105;&#x40;&#101;&#x6e;&#116;&#x65;&#99;&#x72;&#102;&#x2e;&#105;&#x74; Tel: +39 055 5384503; +39 335 1597460 <em>Promozione<\/em> Sigma CSC &#115;&#117;&#x73;a&#110;&#x6e;&#x61;h&#111;&#x6c;&#x6d;&#64;&#99;&#x73;&#x63;s&#105;&#x67;&#x6d;a&#46;&#x69;&#x74; +39 055 2340742; +39 335 1864214Info e prenotazioni<\/p>\n<h3><\/h3>\n<hr><h3>Numero unico di info e prenotazioni attivo dal 13 giugno al 31 dicembre 2015<\/h3>\n<p><strong>URP Regione Toscana<\/strong> Via di Novoli n. 26, 50127 Firenze Numero verde 800 860070 (per chi chiama da numero fisso) Numero a pagamento 055-4385920 (per chi chiama da mobile) &#117;&#x72;&#x70;&#64;&#x72;&#x65;g&#x69;&#x6f;n&#101;&#x2e;t&#111;&#x73;c&#97;&#x6e;a&#46;&#x69;t <strong>Orari di segreteria<\/strong>: Luned\u00ec, mercoled\u00ec, gioved\u00ec\u00a0 dalle 9.00 alle 18.00; Marted\u00ec e venerd\u00ec dalle 9.00 alle 13.30<\/p>\n<\/div><\/div><\/div><\/section>\n","protected":false},"excerpt":{"rendered":"Contatti Il tuo nome (richiesto) La tua email (richiesto) Oggetto Il tuo messaggio Acconsento al trattamento dei miei dati personali al fine di ricevere una risposta al mio messaggio, come indicato nella Privacy Policy &#916; Info Progetto Toscana '900 Ente cassa di Risparmio di Firenze Tel: +39 055 5384001 &#x62;&#97;r&#x62;&#97;&#114;&#x61;&#x2e;&#116;o&#x73;&#116;i&#x40;&#x65;&#110;t&#x65;&#99;a&#x72;&#x69;&#102;i&#x72;&#101;n&#x7a;&#x65;&#46;i&#x74; Uffici Stampa Davis &amp; Franceschini","protected":false},"author":1,"featured_media":0,"parent":0,"menu_order":6,"comment_status":"open","ping_status":"open","template":"","meta":{"footnotes":""},"class_list":["post-2468","page","type-page","status-publish","hentry"],"yoast_head":"<!-- This site is optimized with the Yoast SEO plugin v26.9 - https:\/\/yoast.com\/product\/yoast-seo-wordpress\/ -->\n<title>Contacts - Toscana &#039;900<\/title>\n<meta name=\"robots\" content=\"index, follow, max-snippet:-1, max-image-preview:large, max-video-preview:-1\" \/>\n<link rel=\"canonical\" href=\"https:\/\/www.toscana900.com\/en\/contacts\/\" \/>\n<meta property=\"og:locale\" content=\"en_US\" \/>\n<meta property=\"og:type\" content=\"article\" \/>\n<meta property=\"og:title\" content=\"Contacts - Toscana &#039;900\" \/>\n<meta property=\"og:url\" content=\"https:\/\/www.toscana900.com\/en\/contacts\/\" \/>\n<meta property=\"og:site_name\" content=\"Toscana &#039;900\" \/>\n<meta property=\"article:modified_time\" content=\"2015-05-09T19:21:59+00:00\" \/>\n<meta name=\"twitter:card\" content=\"summary_large_image\" \/>\n<meta name=\"twitter:label1\" content=\"Est. reading time\" \/>\n\t<meta name=\"twitter:data1\" content=\"1 minute\" \/>\n<script type=\"application\/ld+json\" class=\"yoast-schema-graph\">{\"@context\":\"https:\/\/schema.org\",\"@graph\":[{\"@type\":\"WebPage\",\"@id\":\"https:\/\/www.toscana900.com\/en\/contacts\/\",\"url\":\"https:\/\/www.toscana900.com\/en\/contacts\/\",\"name\":\"Contacts - Toscana '900\",\"isPartOf\":{\"@id\":\"https:\/\/www.toscana900.com\/en\/#website\"},\"datePublished\":\"2015-05-09T19:21:44+00:00\",\"dateModified\":\"2015-05-09T19:21:59+00:00\",\"breadcrumb\":{\"@id\":\"https:\/\/www.toscana900.com\/en\/contacts\/#breadcrumb\"},\"inLanguage\":\"en-US\",\"potentialAction\":[{\"@type\":\"ReadAction\",\"target\":[\"https:\/\/www.toscana900.com\/en\/contacts\/\"]}]},{\"@type\":\"BreadcrumbList\",\"@id\":\"https:\/\/www.toscana900.com\/en\/contacts\/#breadcrumb\",\"itemListElement\":[{\"@type\":\"ListItem\",\"position\":1,\"name\":\"Home\",\"item\":\"https:\/\/www.toscana900.com\/en\/\"},{\"@type\":\"ListItem\",\"position\":2,\"name\":\"Contacts\"}]},{\"@type\":\"WebSite\",\"@id\":\"https:\/\/www.toscana900.com\/en\/#website\",\"url\":\"https:\/\/www.toscana900.com\/en\/\",\"name\":\"Toscana '900\",\"description\":\"Musei e percorsi d&#039;arte\",\"potentialAction\":[{\"@type\":\"SearchAction\",\"target\":{\"@type\":\"EntryPoint\",\"urlTemplate\":\"https:\/\/www.toscana900.com\/en\/?s={search_term_string}\"},\"query-input\":{\"@type\":\"PropertyValueSpecification\",\"valueRequired\":true,\"valueName\":\"search_term_string\"}}],\"inLanguage\":\"en-US\"}]}<\/script>\n<!-- \/ Yoast SEO plugin. -->","yoast_head_json":{"title":"Contacts - Toscana '900","robots":{"index":"index","follow":"follow","max-snippet":"max-snippet:-1","max-image-preview":"max-image-preview:large","max-video-preview":"max-video-preview:-1"},"canonical":"https:\/\/www.toscana900.com\/en\/contacts\/","og_locale":"en_US","og_type":"article","og_title":"Contacts - Toscana '900","og_url":"https:\/\/www.toscana900.com\/en\/contacts\/","og_site_name":"Toscana '900","article_modified_time":"2015-05-09T19:21:59+00:00","twitter_card":"summary_large_image","twitter_misc":{"Est. reading time":"1 minute"},"schema":{"@context":"https:\/\/schema.org","@graph":[{"@type":"WebPage","@id":"https:\/\/www.toscana900.com\/en\/contacts\/","url":"https:\/\/www.toscana900.com\/en\/contacts\/","name":"Contacts - Toscana '900","isPartOf":{"@id":"https:\/\/www.toscana900.com\/en\/#website"},"datePublished":"2015-05-09T19:21:44+00:00","dateModified":"2015-05-09T19:21:59+00:00","breadcrumb":{"@id":"https:\/\/www.toscana900.com\/en\/contacts\/#breadcrumb"},"inLanguage":"en-US","potentialAction":[{"@type":"ReadAction","target":["https:\/\/www.toscana900.com\/en\/contacts\/"]}]},{"@type":"BreadcrumbList","@id":"https:\/\/www.toscana900.com\/en\/contacts\/#breadcrumb","itemListElement":[{"@type":"ListItem","position":1,"name":"Home","item":"https:\/\/www.toscana900.com\/en\/"},{"@type":"ListItem","position":2,"name":"Contacts"}]},{"@type":"WebSite","@id":"https:\/\/www.toscana900.com\/en\/#website","url":"https:\/\/www.toscana900.com\/en\/","name":"Toscana '900","description":"Musei e percorsi d&#039;arte","potentialAction":[{"@type":"SearchAction","target":{"@type":"EntryPoint","urlTemplate":"https:\/\/www.toscana900.com\/en\/?s={search_term_string}"},"query-input":{"@type":"PropertyValueSpecification","valueRequired":true,"valueName":"search_term_string"}}],"inLanguage":"en-US"}]}},"_links":{"self":[{"href":"https:\/\/www.toscana900.com\/en\/wp-json\/wp\/v2\/pages\/2468","targetHints":{"allow":["GET"]}}],"collection":[{"href":"https:\/\/www.toscana900.com\/en\/wp-json\/wp\/v2\/pages"}],"about":[{"href":"https:\/\/www.toscana900.com\/en\/wp-json\/wp\/v2\/types\/page"}],"author":[{"embeddable":true,"href":"https:\/\/www.toscana900.com\/en\/wp-json\/wp\/v2\/users\/1"}],"replies":[{"embeddable":true,"href":"https:\/\/www.toscana900.com\/en\/wp-json\/wp\/v2\/comments?post=2468"}],"version-history":[{"count":2,"href":"https:\/\/www.toscana900.com\/en\/wp-json\/wp\/v2\/pages\/2468\/revisions"}],"predecessor-version":[{"id":2470,"href":"https:\/\/www.toscana900.com\/en\/wp-json\/wp\/v2\/pages\/2468\/revisions\/2470"}],"wp:attachment":[{"href":"https:\/\/www.toscana900.com\/en\/wp-json\/wp\/v2\/media?parent=2468"}],"curies":[{"name":"wp","href":"https:\/\/api.w.org\/{rel}","templated":true}]}}